{"id":150,"date":"2025-02-19T12:43:10","date_gmt":"2025-02-19T12:43:10","guid":{"rendered":"https:\/\/www.feuerwehr-schwarmstedt.de\/?page_id=150"},"modified":"2025-06-10T19:18:24","modified_gmt":"2025-06-10T19:18:24","slug":"front_page","status":"publish","type":"page","link":"https:\/\/www.feuerwehr-schwarmstedt.de\/","title":{"rendered":"Startseite"},"content":{"rendered":"\n<div class=\"wp-block-columns is-layout-flex wp-container-core-columns-is-layout-9d6595d7 wp-block-columns-is-layout-flex\">\n<div class=\"wp-block-column is-layout-flow wp-block-column-is-layout-flow\" style=\"flex-basis:33.33%\">\n<figure class=\"wp-block-image size-full is-style-rounded\"><img fetchpriority=\"high\" decoding=\"async\" width=\"3582\" height=\"1431\" src=\"https:\/\/www.feuerwehr-schwarmstedt.de\/wp-content\/uploads\/2025\/02\/cropped-logo-neu-1.png\" alt=\"\" class=\"wp-image-35\" srcset=\"https:\/\/www.feuerwehr-schwarmstedt.de\/wp-content\/uploads\/2025\/02\/cropped-logo-neu-1.png 3582w, https:\/\/www.feuerwehr-schwarmstedt.de\/wp-content\/uploads\/2025\/02\/cropped-logo-neu-1-300x120.png 300w, https:\/\/www.feuerwehr-schwarmstedt.de\/wp-content\/uploads\/2025\/02\/cropped-logo-neu-1-1024x409.png 1024w, https:\/\/www.feuerwehr-schwarmstedt.de\/wp-content\/uploads\/2025\/02\/cropped-logo-neu-1-768x307.png 768w, https:\/\/www.feuerwehr-schwarmstedt.de\/wp-content\/uploads\/2025\/02\/cropped-logo-neu-1-1536x614.png 1536w, https:\/\/www.feuerwehr-schwarmstedt.de\/wp-content\/uploads\/2025\/02\/cropped-logo-neu-1-2048x818.png 2048w\" sizes=\"(max-width: 3582px) 100vw, 3582px\" \/><\/figure>\n<\/div>\n\n\n\n<div class=\"wp-block-column is-layout-flow wp-block-column-is-layout-flow\" style=\"flex-basis:66.66%\">\n<p><strong>Willkommen bei der Freiwilligen Feuerwehr Schwarmstedt<\/strong><\/p>\n\n\n\n<p>Retten &#8211; L\u00f6schen &#8211; Bergen &#8211; Sch\u00fctzen &#8211; unter diesem Motto stehen wir 24\/7 bereit, um f\u00fcr die Sicherheit der B\u00fcrgerinnen und B\u00fcrger in der Samtgemeinde Schwarmstedt zu sorgen.<br>Als St\u00fctzpunktfeuerwehr sind wir mit moderner Technik, gro\u00dfen Engagement und langj\u00e4hriger Erfahrung im Einsatz.<\/p>\n\n\n\n<p>Wer wir sind:<br>Unsere Feuerwehr wurde 1910 gegr\u00fcndet und ist heute ein starkes Team aus rund 70 aktiven Mitgliedern, die sich ehrenamtlich f\u00fcr das Gemeinwohl einsetzen. Unterst\u00fctzt werden wir von unserer Jugendfeuerwehr und durch die Kinderfeuerwehr &#8222;Die kleinen L\u00f6schmeister&#8220;, in denen bereits die Retter von morgen mit gro\u00dfer Begeisterung mitwirken und die spielerisch an die zuk\u00fcnftigen Aufgaben herangef\u00fchrt werden.<\/p>\n\n\n\n<p>Unser Auftrag:<br>Ob Brandeinsatz, technische Hilfeleistung (z.B. Tragehilfe f\u00fcr die Rettungsdienste), Hochwasserschutz oder Unterst\u00fctzung bei Verkehrsunf\u00e4llen &#8211; wir sind vielseitig ausgebildet und rund um die Uhr einsatzbereit. Und das alles im Ehrenamt. Unser moderner Fuhrpark sowie regelm\u00e4\u00dfige Aus- und Fortbildungen stellen sicher, dass wir im Ernstfall schnell und kompetent helfen k\u00f6nnen.<\/p>\n\n\n\n<p>Engagement f\u00fcr die Zukunft:<br>Nachwuchsf\u00f6rderung, Brandschutzerziehung und die St\u00e4rkung des Ehrensamts sind f\u00fcr uns zentrale Anliegen. Wir freuen uns \u00fcber jedes neue Gesicht &#8211; ob als aktives Mitglied, in der Jugendfeuerwehr oder als Unterst\u00fctzer im F\u00f6rderverein.<\/p>\n\n\n\n<p>Bleiben Sie informiert:<br>Aktuelle Eins\u00e4tze, \u00dcbungen, Veranstaltungen und Einblicke in unsere Arbeit finden Sie regelm\u00e4\u00dfig auf unserer Website sowie auf unseren Social-Media-Kan\u00e4len.<\/p>\n\n\n\n<p>Sie haben Interesse an der Feuerwehr?<br>Dann nehmen Sie gern Kontakt mit uns auf &#8211; wir freuen uns \u00fcber Ihre Nachricht oder Ihren Besuch bei einem unserer \u00dcbungsdienste!<\/p>\n<\/div>\n<\/div>\n\n\n\n<div class=\"wp-block-columns is-layout-flex wp-container-core-columns-is-layout-9d6595d7 wp-block-columns-is-layout-flex\">\n<div class=\"wp-block-column is-layout-flow wp-block-column-is-layout-flow\">\n<figure class=\"wp-block-image size-full\"><a href=\"https:\/\/www.feuerwehr-schwarmstedt.de\/?page_id=130\"><img decoding=\"async\" width=\"765\" height=\"848\" src=\"https:\/\/www.feuerwehr-schwarmstedt.de\/wp-content\/uploads\/2025\/02\/aktuells.png\" alt=\"\" class=\"wp-image-312\" srcset=\"https:\/\/www.feuerwehr-schwarmstedt.de\/wp-content\/uploads\/2025\/02\/aktuells.png 765w, https:\/\/www.feuerwehr-schwarmstedt.de\/wp-content\/uploads\/2025\/02\/aktuells-271x300.png 271w\" sizes=\"(max-width: 765px) 100vw, 765px\" \/><\/a><\/figure>\n\n\n\n<h2 class=\"wp-block-heading has-text-align-center\">Aktuelles<\/h2>\n<\/div>\n\n\n\n<div class=\"wp-block-column is-layout-flow wp-block-column-is-layout-flow\">\n<figure class=\"wp-block-image size-full\"><a href=\"https:\/\/www.feuerwehr-schwarmstedt.de\/?page_id=306\"><img decoding=\"async\" width=\"756\" height=\"848\" src=\"https:\/\/www.feuerwehr-schwarmstedt.de\/wp-content\/uploads\/2025\/02\/buergerservice.png\" alt=\"\" class=\"wp-image-313\" srcset=\"https:\/\/www.feuerwehr-schwarmstedt.de\/wp-content\/uploads\/2025\/02\/buergerservice.png 756w, https:\/\/www.feuerwehr-schwarmstedt.de\/wp-content\/uploads\/2025\/02\/buergerservice-267x300.png 267w\" sizes=\"(max-width: 756px) 100vw, 756px\" \/><\/a><\/figure>\n\n\n\n<h2 class=\"wp-block-heading has-text-align-center\">B\u00fcrgerservice<\/h2>\n<\/div>\n\n\n\n<div class=\"wp-block-column is-layout-flow wp-block-column-is-layout-flow\">\n<figure class=\"wp-block-image size-full\"><a href=\"https:\/\/www.feuerwehr-schwarmstedt.de\/?page_id=142\"><img loading=\"lazy\" decoding=\"async\" width=\"770\" height=\"848\" src=\"https:\/\/www.feuerwehr-schwarmstedt.de\/wp-content\/uploads\/2025\/02\/kontakt.png\" alt=\"\" class=\"wp-image-314\" srcset=\"https:\/\/www.feuerwehr-schwarmstedt.de\/wp-content\/uploads\/2025\/02\/kontakt.png 770w, https:\/\/www.feuerwehr-schwarmstedt.de\/wp-content\/uploads\/2025\/02\/kontakt-272x300.png 272w, https:\/\/www.feuerwehr-schwarmstedt.de\/wp-content\/uploads\/2025\/02\/kontakt-768x846.png 768w\" sizes=\"(max-width: 770px) 100vw, 770px\" \/><\/a><\/figure>\n\n\n\n<h2 class=\"wp-block-heading has-text-align-center\">Kontakt<\/h2>\n<\/div>\n<\/div>\n\n\n\n<p><\/p>\n","protected":false},"excerpt":{"rendered":"<p>Willkommen bei der Freiwilligen Feuerwehr Schwarmstedt Retten &#8211; L\u00f6schen &#8211; Bergen &#8211; Sch\u00fctzen &#8211; unter diesem Motto stehen wir 24\/7 bereit, um f\u00fcr die Sicherheit der B\u00fcrgerinnen und B\u00fcrger in der Samtgemeinde Schwarmstedt zu sorgen.Als St\u00fctzpunktfeuerwehr sind wir mit moderner Technik, gro\u00dfen Engagement und langj\u00e4hriger Erfahrung im Einsatz. Wer wir sind:Unsere Feuerwehr wurde 1910 gegr\u00fcndet&hellip;&nbsp;<a href=\"https:\/\/www.feuerwehr-schwarmstedt.de\/\" rel=\"bookmark\">Weiterlesen &raquo;<span class=\"screen-reader-text\">Startseite<\/span><\/a><\/p>\n","protected":false},"author":1,"featured_media":31,"parent":0,"menu_order":0,"comment_status":"closed","ping_status":"closed","template":"","meta":{"neve_meta_sidebar":"","neve_meta_container":"","neve_meta_enable_content_width":"","neve_meta_content_width":0,"neve_meta_title_alignment":"","neve_meta_author_avatar":"","neve_post_elements_order":"","neve_meta_disable_header":"","neve_meta_disable_footer":"","neve_meta_disable_title":"","footnotes":""},"class_list":["post-150","page","type-page","status-publish","has-post-thumbnail","hentry"],"_links":{"self":[{"href":"https:\/\/www.feuerwehr-schwarmstedt.de\/index.php?rest_route=\/wp\/v2\/pages\/150","targetHints":{"allow":["GET"]}}],"collection":[{"href":"https:\/\/www.feuerwehr-schwarmstedt.de\/index.php?rest_route=\/wp\/v2\/pages"}],"about":[{"href":"https:\/\/www.feuerwehr-schwarmstedt.de\/index.php?rest_route=\/wp\/v2\/types\/page"}],"author":[{"embeddable":true,"href":"https:\/\/www.feuerwehr-schwarmstedt.de\/index.php?rest_route=\/wp\/v2\/users\/1"}],"replies":[{"embeddable":true,"href":"https:\/\/www.feuerwehr-schwarmstedt.de\/index.php?rest_route=%2Fwp%2Fv2%2Fcomments&post=150"}],"version-history":[{"count":14,"href":"https:\/\/www.feuerwehr-schwarmstedt.de\/index.php?rest_route=\/wp\/v2\/pages\/150\/revisions"}],"predecessor-version":[{"id":417,"href":"https:\/\/www.feuerwehr-schwarmstedt.de\/index.php?rest_route=\/wp\/v2\/pages\/150\/revisions\/417"}],"wp:featuredmedia":[{"embeddable":true,"href":"https:\/\/www.feuerwehr-schwarmstedt.de\/index.php?rest_route=\/wp\/v2\/media\/31"}],"wp:attachment":[{"href":"https:\/\/www.feuerwehr-schwarmstedt.de\/index.php?rest_route=%2Fwp%2Fv2%2Fmedia&parent=150"}],"curies":[{"name":"wp","href":"https:\/\/api.w.org\/{rel}","templated":true}]}}