{"id":306,"date":"2025-02-19T15:27:38","date_gmt":"2025-02-19T15:27:38","guid":{"rendered":"https:\/\/www.feuerwehr-schwarmstedt.de\/?page_id=306"},"modified":"2025-02-19T17:45:07","modified_gmt":"2025-02-19T17:45:07","slug":"buergerservice","status":"publish","type":"page","link":"https:\/\/www.feuerwehr-schwarmstedt.de\/?page_id=306","title":{"rendered":"B\u00fcrgerservice"},"content":{"rendered":"\n<div class=\"wp-block-query is-layout-flow wp-block-query-is-layout-flow\"><ul class=\"columns-3 wp-block-post-template is-layout-grid wp-container-core-post-template-is-layout-2fc57c17 wp-block-post-template-is-layout-grid\"><li class=\"wp-block-post post-376 post type-post status-publish format-standard hentry category-buergerservice\">\n\n<div class=\"wp-block-group\" style=\"padding-top:30px;padding-right:30px;padding-bottom:30px;padding-left:30px\"><div class=\"wp-block-group__inner-container is-layout-flow wp-block-group-is-layout-flow\"><h2 class=\"wp-block-post-title\"><a href=\"https:\/\/www.feuerwehr-schwarmstedt.de\/?p=376\" target=\"_self\" >Tipps f\u00fcr ein sicheres Silvester<\/a><\/h2>\n\n<div class=\"wp-block-post-excerpt\"><p class=\"wp-block-post-excerpt__excerpt\">Silvester ist die arbeitsreichste Nacht f\u00fcr die Feuerwehren Brennende Balkone, Wohnungen oder gar H\u00e4user, Rettungsdiensteins\u00e4tze und witterungsbedingte Unf\u00e4lle: Silvester bedeutet f\u00fcr die Feuerwehren die arbeitsreichste Nacht des Jahres. Einen Gro\u00dfteil dieser Eins\u00e4tze machen Br\u00e4nde aus, die zumeist durch unachtsamen Umgang mit Feuerwerksk\u00f6rpern verursacht werden. Nicht gepr\u00fcfte Knallk\u00f6rper, illegal eingef\u00fchrt oder auch selbst gebastelt, stellen eine&hellip; <\/p><\/div>\n\n<div class=\"wp-block-post-date\"><time datetime=\"2025-02-19T17:36:39+00:00\">19. Februar 2025<\/time><\/div><\/div><\/div>\n\n<\/li><li class=\"wp-block-post post-374 post type-post status-publish format-standard hentry category-buergerservice\">\n\n<div class=\"wp-block-group\" style=\"padding-top:30px;padding-right:30px;padding-bottom:30px;padding-left:30px\"><div class=\"wp-block-group__inner-container is-layout-flow wp-block-group-is-layout-flow\"><h2 class=\"wp-block-post-title\"><a href=\"https:\/\/www.feuerwehr-schwarmstedt.de\/?p=374\" target=\"_self\" >Am Freitag, den 13. September ist bundesweiter Rauchmeldertag<\/a><\/h2>\n\n<div class=\"wp-block-post-excerpt\"><p class=\"wp-block-post-excerpt__excerpt\">Unter dem Motto 120 Sekunden, um zu \u00fcberleben! startet die Initiative Rauchmelder retten Leben an diesem Tag ihre neue Kampagne mit einem bundesweiten Sch\u00fclerwettbewerb. Ziel ist die Aufkl\u00e4rung der Bev\u00f6lkerung zum richtigen Verhalten im Brandfall.Nur 120 Sekunden, um zu \u00fcberleben\u201eDie meisten Menschen wissen nicht, wie man im Brandfall richtig reagiert und bringen ihr Leben in&hellip; <\/p><\/div>\n\n<div class=\"wp-block-post-date\"><time datetime=\"2025-02-19T17:35:12+00:00\">19. Februar 2025<\/time><\/div><\/div><\/div>\n\n<\/li><li class=\"wp-block-post post-372 post type-post status-publish format-standard hentry category-buergerservice\">\n\n<div class=\"wp-block-group\" style=\"padding-top:30px;padding-right:30px;padding-bottom:30px;padding-left:30px\"><div class=\"wp-block-group__inner-container is-layout-flow wp-block-group-is-layout-flow\"><h2 class=\"wp-block-post-title\"><a href=\"https:\/\/www.feuerwehr-schwarmstedt.de\/?p=372\" target=\"_self\" >Gefahren in der Advents- und Weihnachtszeit<\/a><\/h2>\n\n<div class=\"wp-block-post-excerpt\"><p class=\"wp-block-post-excerpt__excerpt\">Empfehlungen vom kleinen L\u00f6schmeister und den Feuerwehren Advent, Advent ein Lichtlein brennt,\u2026so beginnt ein bekanntes Weihnachtsgedicht, doch das aus einem Lichtlein auch schnell mal ein brennender Adventskranz, Weihnachtsbaum oder auch das ganze Wohnzimmer werden kann, ist f\u00fcr viele Feuerwehren in der Weihnachtszeit leider immer wieder Realit\u00e4t. In den meisten F\u00e4llen wird vergessen, brennende Kerzen zu&hellip; <\/p><\/div>\n\n<div class=\"wp-block-post-date\"><time datetime=\"2025-02-19T17:32:57+00:00\">19. Februar 2025<\/time><\/div><\/div><\/div>\n\n<\/li><li class=\"wp-block-post post-370 post type-post status-publish format-standard hentry category-buergerservice\">\n\n<div class=\"wp-block-group\" style=\"padding-top:30px;padding-right:30px;padding-bottom:30px;padding-left:30px\"><div class=\"wp-block-group__inner-container is-layout-flow wp-block-group-is-layout-flow\"><h2 class=\"wp-block-post-title\"><a href=\"https:\/\/www.feuerwehr-schwarmstedt.de\/?p=370\" target=\"_self\" >Tipps f\u00fcr sicheres Grillen<\/a><\/h2>\n\n<div class=\"wp-block-post-excerpt\"><p class=\"wp-block-post-excerpt__excerpt\">H\u00e4nde weg von Brennspiritus \/ J\u00e4hrlich 4.000 Grillunf\u00e4lle \/ Besonders Kinder gef\u00e4hrdet \/ Tipps f\u00fcr sicheres GrillenMindestens 70 Millionen Mal grillen die Deutschen Jahr f\u00fcr Jahr zwischen April und Oktober im Freien. Trotz aller Warnungen passieren unz\u00e4hlige leichtfertig verursachte Unf\u00e4lle, weil Spiritus als Brandbeschleuniger eingesetzt wird. Wer wenige Faustregeln beachtet, kann sicher grillen. Gemeinsam mit&hellip; <\/p><\/div>\n\n<div class=\"wp-block-post-date\"><time datetime=\"2025-02-19T17:31:43+00:00\">19. Februar 2025<\/time><\/div><\/div><\/div>\n\n<\/li><li class=\"wp-block-post post-359 post type-post status-publish format-standard hentry category-buergerservice\">\n\n<div class=\"wp-block-group\" style=\"padding-top:30px;padding-right:30px;padding-bottom:30px;padding-left:30px\"><div class=\"wp-block-group__inner-container is-layout-flow wp-block-group-is-layout-flow\"><h2 class=\"wp-block-post-title\"><a href=\"https:\/\/www.feuerwehr-schwarmstedt.de\/?p=359\" target=\"_self\" >Feuerwehr warnt: D\u00fcnnes Eis birgt gro\u00dfe Gefahr<\/a><\/h2>\n\n<div class=\"wp-block-post-excerpt\"><p class=\"wp-block-post-excerpt__excerpt\">Deutscher Feuerwehrverband gibt Tipps zum Verhalten bei Unf\u00e4llen im Eis Berlin \u2013 Der Deutsche Feuerwehrverband (DFV) warnt vor dem Betreten nicht freigegebener Eisfl\u00e4chen: \u201eTrotz der aktuellen Minusgrade sind viele Eisfl\u00e4chen zu d\u00fcnn; es droht Einbruch\u201c, erkl\u00e4rt DFV-Vizepr\u00e4sident Hermann Schreck. Auch der vielfach in Deutschland herrschende Frost der vergangenen Tage garantiert nicht, dass die Eisdecke auf&hellip; <\/p><\/div>\n\n<div class=\"wp-block-post-date\"><time datetime=\"2025-02-19T17:28:00+00:00\">19. Februar 2025<\/time><\/div><\/div><\/div>\n\n<\/li><li class=\"wp-block-post post-331 post type-post status-publish format-standard hentry category-buergerservice\">\n\n<div class=\"wp-block-group\" style=\"padding-top:30px;padding-right:30px;padding-bottom:30px;padding-left:30px\"><div class=\"wp-block-group__inner-container is-layout-flow wp-block-group-is-layout-flow\"><h2 class=\"wp-block-post-title\"><a href=\"https:\/\/www.feuerwehr-schwarmstedt.de\/?p=331\" target=\"_self\" >Notruf richtig absetzen<\/a><\/h2>\n\n<div class=\"wp-block-post-excerpt\"><p class=\"wp-block-post-excerpt__excerpt\">112 f\u00fcr Feuerwehr und Rettungsdienst110 f\u00fcr Polizei Der Ersthelfer sollte m\u00f6glichst schnell den Notruf richtig absetzen. Dies ist Bestandteil der ersten Hilfe. Die f\u00fcnf W-Fragen: Wo ist es passiert? M\u00f6glichst genau Ortsangabe, wir Ort, Stra\u00dfe, Hausnummer, Stockwerk, Kreuzung oder bei Au tobahn \/ Landstra\u00dfe die Kilometerangabe. Was ist passiert? Beschreiben Sie kurz die Notfallsituation, z.B.&hellip; <\/p><\/div>\n\n<div class=\"wp-block-post-date\"><time datetime=\"2025-02-19T16:21:16+00:00\">19. Februar 2025<\/time><\/div><\/div><\/div>\n\n<\/li><\/ul><\/div>\n","protected":false},"excerpt":{"rendered":"","protected":false},"author":1,"featured_media":0,"parent":0,"menu_order":0,"comment_status":"closed","ping_status":"closed","template":"","meta":{"neve_meta_sidebar":"","neve_meta_container":"","neve_meta_enable_content_width":"","neve_meta_content_width":0,"neve_meta_title_alignment":"","neve_meta_author_avatar":"","neve_post_elements_order":"","neve_meta_disable_header":"","neve_meta_disable_footer":"","neve_meta_disable_title":"","footnotes":""},"class_list":["post-306","page","type-page","status-publish","hentry"],"_links":{"self":[{"href":"https:\/\/www.feuerwehr-schwarmstedt.de\/index.php?rest_route=\/wp\/v2\/pages\/306","targetHints":{"allow":["GET"]}}],"collection":[{"href":"https:\/\/www.feuerwehr-schwarmstedt.de\/index.php?rest_route=\/wp\/v2\/pages"}],"about":[{"href":"https:\/\/www.feuerwehr-schwarmstedt.de\/index.php?rest_route=\/wp\/v2\/types\/page"}],"author":[{"embeddable":true,"href":"https:\/\/www.feuerwehr-schwarmstedt.de\/index.php?rest_route=\/wp\/v2\/users\/1"}],"replies":[{"embeddable":true,"href":"https:\/\/www.feuerwehr-schwarmstedt.de\/index.php?rest_route=%2Fwp%2Fv2%2Fcomments&post=306"}],"version-history":[{"count":6,"href":"https:\/\/www.feuerwehr-schwarmstedt.de\/index.php?rest_route=\/wp\/v2\/pages\/306\/revisions"}],"predecessor-version":[{"id":383,"href":"https:\/\/www.feuerwehr-schwarmstedt.de\/index.php?rest_route=\/wp\/v2\/pages\/306\/revisions\/383"}],"wp:attachment":[{"href":"https:\/\/www.feuerwehr-schwarmstedt.de\/index.php?rest_route=%2Fwp%2Fv2%2Fmedia&parent=306"}],"curies":[{"name":"wp","href":"https:\/\/api.w.org\/{rel}","templated":true}]}}