{"id":66,"date":"2025-02-19T10:42:19","date_gmt":"2025-02-19T10:42:19","guid":{"rendered":"https:\/\/www.feuerwehr-schwarmstedt.de\/?page_id=66"},"modified":"2025-02-19T11:05:47","modified_gmt":"2025-02-19T11:05:47","slug":"fahrzeuge-3","status":"publish","type":"page","link":"https:\/\/www.feuerwehr-schwarmstedt.de\/?page_id=66","title":{"rendered":"Fahrzeuge"},"content":{"rendered":"<div class=\"wp-block-image\">\n<figure class=\"aligncenter size-full\"><img fetchpriority=\"high\" decoding=\"async\" width=\"720\" height=\"190\" src=\"https:\/\/www.feuerwehr-schwarmstedt.de\/wp-content\/uploads\/2025\/02\/FZG_in_Halle_schmal.jpg\" alt=\"\" class=\"wp-image-68\" srcset=\"https:\/\/www.feuerwehr-schwarmstedt.de\/wp-content\/uploads\/2025\/02\/FZG_in_Halle_schmal.jpg 720w, https:\/\/www.feuerwehr-schwarmstedt.de\/wp-content\/uploads\/2025\/02\/FZG_in_Halle_schmal-300x79.jpg 300w\" sizes=\"(max-width: 720px) 100vw, 720px\" \/><\/figure>\n<\/div>\n\n\n<p>Hier finden Sie einen \u00dcberblick von unserem Fuhrpark. F\u00fcr mehr Informationen klicken Sie bitte auf das entsprechende Bild.<\/p>\n\n\n\n<div class=\"wp-block-columns is-layout-flex wp-container-core-columns-is-layout-9d6595d7 wp-block-columns-is-layout-flex\">\n<div class=\"wp-block-column is-layout-flow wp-block-column-is-layout-flow\"><div class=\"wp-block-image is-style-default\">\n<figure class=\"aligncenter size-full is-resized\"><a href=\"https:\/\/www.feuerwehr-schwarmstedt.de\/?page_id=71\"><img decoding=\"async\" width=\"1008\" height=\"756\" src=\"https:\/\/www.feuerwehr-schwarmstedt.de\/wp-content\/uploads\/2025\/02\/18-11-1_2.jpg\" alt=\"\" class=\"wp-image-20\" style=\"width:250px\" srcset=\"https:\/\/www.feuerwehr-schwarmstedt.de\/wp-content\/uploads\/2025\/02\/18-11-1_2.jpg 1008w, https:\/\/www.feuerwehr-schwarmstedt.de\/wp-content\/uploads\/2025\/02\/18-11-1_2-300x225.jpg 300w, https:\/\/www.feuerwehr-schwarmstedt.de\/wp-content\/uploads\/2025\/02\/18-11-1_2-768x576.jpg 768w\" sizes=\"(max-width: 1008px) 100vw, 1008px\" \/><\/a><\/figure>\n<\/div>\n\n\n<p class=\"has-text-align-center\">Einsatzleitwagen<\/p>\n<\/div>\n\n\n\n<div class=\"wp-block-column is-layout-flow wp-block-column-is-layout-flow\"><\/div>\n<\/div>\n\n\n\n<div class=\"wp-block-columns is-layout-flex wp-container-core-columns-is-layout-9d6595d7 wp-block-columns-is-layout-flex\">\n<div class=\"wp-block-column is-layout-flow wp-block-column-is-layout-flow\"><div class=\"wp-block-image\">\n<figure class=\"aligncenter size-full is-resized\"><a href=\"https:\/\/www.feuerwehr-schwarmstedt.de\/?page_id=73\"><img decoding=\"async\" width=\"1008\" height=\"756\" src=\"https:\/\/www.feuerwehr-schwarmstedt.de\/wp-content\/uploads\/2025\/02\/18-47-1_3.jpg\" alt=\"\" class=\"wp-image-22\" style=\"width:250px\" srcset=\"https:\/\/www.feuerwehr-schwarmstedt.de\/wp-content\/uploads\/2025\/02\/18-47-1_3.jpg 1008w, https:\/\/www.feuerwehr-schwarmstedt.de\/wp-content\/uploads\/2025\/02\/18-47-1_3-300x225.jpg 300w, https:\/\/www.feuerwehr-schwarmstedt.de\/wp-content\/uploads\/2025\/02\/18-47-1_3-768x576.jpg 768w\" sizes=\"(max-width: 1008px) 100vw, 1008px\" \/><\/a><\/figure>\n<\/div>\n\n\n<p class=\"has-text-align-center\">Hilfeleistungsl\u00f6schgruppenfahrzeug B (HLF 20)<\/p>\n<\/div>\n\n\n\n<div class=\"wp-block-column is-layout-flow wp-block-column-is-layout-flow\"><div class=\"wp-block-image\">\n<figure class=\"aligncenter size-full is-resized\"><a href=\"https:\/\/www.feuerwehr-schwarmstedt.de\/?page_id=75\"><img loading=\"lazy\" decoding=\"async\" width=\"1008\" height=\"756\" src=\"https:\/\/www.feuerwehr-schwarmstedt.de\/wp-content\/uploads\/2025\/02\/18-48-1_2.jpg\" alt=\"\" class=\"wp-image-23\" style=\"width:250px\" srcset=\"https:\/\/www.feuerwehr-schwarmstedt.de\/wp-content\/uploads\/2025\/02\/18-48-1_2.jpg 1008w, https:\/\/www.feuerwehr-schwarmstedt.de\/wp-content\/uploads\/2025\/02\/18-48-1_2-300x225.jpg 300w, https:\/\/www.feuerwehr-schwarmstedt.de\/wp-content\/uploads\/2025\/02\/18-48-1_2-768x576.jpg 768w\" sizes=\"(max-width: 1008px) 100vw, 1008px\" \/><\/a><\/figure>\n<\/div>\n\n\n<p class=\"has-text-align-center\">Hilfeleistungsl\u00f6schgruppenfahrzeug TH (HLF 20)<\/p>\n<\/div>\n<\/div>\n\n\n\n<div class=\"wp-block-columns is-layout-flex wp-container-core-columns-is-layout-9d6595d7 wp-block-columns-is-layout-flex\">\n<div class=\"wp-block-column is-layout-flow wp-block-column-is-layout-flow\"><div class=\"wp-block-image\">\n<figure class=\"aligncenter size-full is-resized\"><a href=\"https:\/\/www.feuerwehr-schwarmstedt.de\/?page_id=77\"><img loading=\"lazy\" decoding=\"async\" width=\"1008\" height=\"756\" src=\"https:\/\/www.feuerwehr-schwarmstedt.de\/wp-content\/uploads\/2025\/02\/18-68-1_3.jpg\" alt=\"\" class=\"wp-image-24\" style=\"width:250px\" srcset=\"https:\/\/www.feuerwehr-schwarmstedt.de\/wp-content\/uploads\/2025\/02\/18-68-1_3.jpg 1008w, https:\/\/www.feuerwehr-schwarmstedt.de\/wp-content\/uploads\/2025\/02\/18-68-1_3-300x225.jpg 300w, https:\/\/www.feuerwehr-schwarmstedt.de\/wp-content\/uploads\/2025\/02\/18-68-1_3-768x576.jpg 768w\" sizes=\"(max-width: 1008px) 100vw, 1008px\" \/><\/a><\/figure>\n<\/div>\n\n\n<p class=\"has-text-align-center\">Ger\u00e4tewagen Logistik (GW-L2)<\/p>\n<\/div>\n\n\n\n<div class=\"wp-block-column is-layout-flow wp-block-column-is-layout-flow\"><div class=\"wp-block-image\">\n<figure class=\"aligncenter size-full is-resized\"><a href=\"https:\/\/www.feuerwehr-schwarmstedt.de\/?page_id=79\"><img loading=\"lazy\" decoding=\"async\" width=\"1008\" height=\"756\" src=\"https:\/\/www.feuerwehr-schwarmstedt.de\/wp-content\/uploads\/2025\/02\/18-17-1_2.jpg\" alt=\"\" class=\"wp-image-21\" style=\"width:250px\" srcset=\"https:\/\/www.feuerwehr-schwarmstedt.de\/wp-content\/uploads\/2025\/02\/18-17-1_2.jpg 1008w, https:\/\/www.feuerwehr-schwarmstedt.de\/wp-content\/uploads\/2025\/02\/18-17-1_2-300x225.jpg 300w, https:\/\/www.feuerwehr-schwarmstedt.de\/wp-content\/uploads\/2025\/02\/18-17-1_2-768x576.jpg 768w\" sizes=\"(max-width: 1008px) 100vw, 1008px\" \/><\/a><\/figure>\n<\/div>\n\n\n<p class=\"has-text-align-center\">Mannschaftstransportwagen (MTW)<\/p>\n<\/div>\n<\/div>\n\n\n\n<div class=\"wp-block-columns is-layout-flex wp-container-core-columns-is-layout-9d6595d7 wp-block-columns-is-layout-flex\">\n<div class=\"wp-block-column is-layout-flow wp-block-column-is-layout-flow\"><div class=\"wp-block-image\">\n<figure class=\"aligncenter size-full is-resized\"><a href=\"https:\/\/www.feuerwehr-schwarmstedt.de\/?page_id=81\"><img loading=\"lazy\" decoding=\"async\" width=\"1008\" height=\"756\" src=\"https:\/\/www.feuerwehr-schwarmstedt.de\/wp-content\/uploads\/2025\/02\/boot_o_3.jpg\" alt=\"\" class=\"wp-image-25\" style=\"width:250px\" srcset=\"https:\/\/www.feuerwehr-schwarmstedt.de\/wp-content\/uploads\/2025\/02\/boot_o_3.jpg 1008w, https:\/\/www.feuerwehr-schwarmstedt.de\/wp-content\/uploads\/2025\/02\/boot_o_3-300x225.jpg 300w, https:\/\/www.feuerwehr-schwarmstedt.de\/wp-content\/uploads\/2025\/02\/boot_o_3-768x576.jpg 768w\" sizes=\"(max-width: 1008px) 100vw, 1008px\" \/><\/a><\/figure>\n<\/div>\n\n\n<p class=\"has-text-align-center\">Rettungsboot<\/p>\n<\/div>\n\n\n\n<div class=\"wp-block-column is-layout-flow wp-block-column-is-layout-flow\"><div class=\"wp-block-image\">\n<figure class=\"aligncenter size-full is-resized\"><a href=\"https:\/\/www.feuerwehr-schwarmstedt.de\/?page_id=83\"><img loading=\"lazy\" decoding=\"async\" width=\"1008\" height=\"756\" src=\"https:\/\/www.feuerwehr-schwarmstedt.de\/wp-content\/uploads\/2025\/02\/boot_s_3.jpg\" alt=\"\" class=\"wp-image-26\" style=\"width:250px\" srcset=\"https:\/\/www.feuerwehr-schwarmstedt.de\/wp-content\/uploads\/2025\/02\/boot_s_3.jpg 1008w, https:\/\/www.feuerwehr-schwarmstedt.de\/wp-content\/uploads\/2025\/02\/boot_s_3-300x225.jpg 300w, https:\/\/www.feuerwehr-schwarmstedt.de\/wp-content\/uploads\/2025\/02\/boot_s_3-768x576.jpg 768w\" sizes=\"(max-width: 1008px) 100vw, 1008px\" \/><\/a><\/figure>\n<\/div>\n\n\n<p class=\"has-text-align-center\">Schlauchboot<\/p>\n<\/div>\n<\/div>\n\n\n\n<p><\/p>\n","protected":false},"excerpt":{"rendered":"<p>Hier finden Sie einen \u00dcberblick von unserem Fuhrpark. F\u00fcr mehr Informationen klicken Sie bitte auf das entsprechende Bild. Einsatzleitwagen Hilfeleistungsl\u00f6schgruppenfahrzeug B (HLF 20) Hilfeleistungsl\u00f6schgruppenfahrzeug TH (HLF 20) Ger\u00e4tewagen Logistik (GW-L2) Mannschaftstransportwagen (MTW) Rettungsboot Schlauchboot<\/p>\n","protected":false},"author":1,"featured_media":0,"parent":0,"menu_order":0,"comment_status":"closed","ping_status":"closed","template":"","meta":{"neve_meta_sidebar":"","neve_meta_container":"","neve_meta_enable_content_width":"","neve_meta_content_width":0,"neve_meta_title_alignment":"","neve_meta_author_avatar":"","neve_post_elements_order":"","neve_meta_disable_header":"","neve_meta_disable_footer":"","neve_meta_disable_title":"","footnotes":""},"class_list":["post-66","page","type-page","status-publish","hentry"],"_links":{"self":[{"href":"https:\/\/www.feuerwehr-schwarmstedt.de\/index.php?rest_route=\/wp\/v2\/pages\/66","targetHints":{"allow":["GET"]}}],"collection":[{"href":"https:\/\/www.feuerwehr-schwarmstedt.de\/index.php?rest_route=\/wp\/v2\/pages"}],"about":[{"href":"https:\/\/www.feuerwehr-schwarmstedt.de\/index.php?rest_route=\/wp\/v2\/types\/page"}],"author":[{"embeddable":true,"href":"https:\/\/www.feuerwehr-schwarmstedt.de\/index.php?rest_route=\/wp\/v2\/users\/1"}],"replies":[{"embeddable":true,"href":"https:\/\/www.feuerwehr-schwarmstedt.de\/index.php?rest_route=%2Fwp%2Fv2%2Fcomments&post=66"}],"version-history":[{"count":4,"href":"https:\/\/www.feuerwehr-schwarmstedt.de\/index.php?rest_route=\/wp\/v2\/pages\/66\/revisions"}],"predecessor-version":[{"id":86,"href":"https:\/\/www.feuerwehr-schwarmstedt.de\/index.php?rest_route=\/wp\/v2\/pages\/66\/revisions\/86"}],"wp:attachment":[{"href":"https:\/\/www.feuerwehr-schwarmstedt.de\/index.php?rest_route=%2Fwp%2Fv2%2Fmedia&parent=66"}],"curies":[{"name":"wp","href":"https:\/\/api.w.org\/{rel}","templated":true}]}}