{"id":71,"date":"2025-02-19T10:58:12","date_gmt":"2025-02-19T10:58:12","guid":{"rendered":"https:\/\/www.feuerwehr-schwarmstedt.de\/?page_id=71"},"modified":"2025-02-19T10:58:12","modified_gmt":"2025-02-19T10:58:12","slug":"einsatzleitwagen-elw1","status":"publish","type":"page","link":"https:\/\/www.feuerwehr-schwarmstedt.de\/?page_id=71","title":{"rendered":"Einsatzleitwagen (ELW1)"},"content":{"rendered":"<div class=\"wp-block-image\">\n<figure class=\"aligncenter size-full is-resized\"><img fetchpriority=\"high\" decoding=\"async\" width=\"1008\" height=\"756\" src=\"https:\/\/www.feuerwehr-schwarmstedt.de\/wp-content\/uploads\/2025\/02\/18-11-1_2.jpg\" alt=\"\" class=\"wp-image-20\" style=\"width:500px\" srcset=\"https:\/\/www.feuerwehr-schwarmstedt.de\/wp-content\/uploads\/2025\/02\/18-11-1_2.jpg 1008w, https:\/\/www.feuerwehr-schwarmstedt.de\/wp-content\/uploads\/2025\/02\/18-11-1_2-300x225.jpg 300w, https:\/\/www.feuerwehr-schwarmstedt.de\/wp-content\/uploads\/2025\/02\/18-11-1_2-768x576.jpg 768w\" sizes=\"(max-width: 1008px) 100vw, 1008px\" \/><\/figure>\n<\/div>\n\n\n<p>Funkrufname 18-11-1<br>Ford Transit<br>Baujahr 2005<br>Besatzung: 4 Einsatzkr\u00e4fte<\/p>\n\n\n\n<p>Aufgabe:<br>Die Aufgaben eines Einsatzleitwagens h\u00e4ngen vom konkreten Einsatz ab. Im Wesentlichen besteht seine Aufgabe jedoch im Transport der Einsatzleitung mitsamt deren Ausr\u00fcstung, der Bereitstellung von Ger\u00e4ten zur Erkundung und F\u00fchrung sowie zur Abwicklung des Funkverkehrs mit der Einsatzleitstelle.<\/p>\n\n\n\n<p><\/p>\n","protected":false},"excerpt":{"rendered":"<p>Funkrufname 18-11-1Ford TransitBaujahr 2005Besatzung: 4 Einsatzkr\u00e4fte Aufgabe:Die Aufgaben eines Einsatzleitwagens h\u00e4ngen vom konkreten Einsatz ab. Im Wesentlichen besteht seine Aufgabe jedoch im Transport der Einsatzleitung mitsamt deren Ausr\u00fcstung, der Bereitstellung von Ger\u00e4ten zur Erkundung und F\u00fchrung sowie zur Abwicklung des Funkverkehrs mit der Einsatzleitstelle.<\/p>\n","protected":false},"author":1,"featured_media":0,"parent":0,"menu_order":0,"comment_status":"closed","ping_status":"closed","template":"","meta":{"neve_meta_sidebar":"","neve_meta_container":"","neve_meta_enable_content_width":"","neve_meta_content_width":0,"neve_meta_title_alignment":"","neve_meta_author_avatar":"","neve_post_elements_order":"","neve_meta_disable_header":"","neve_meta_disable_footer":"","neve_meta_disable_title":"","footnotes":""},"class_list":["post-71","page","type-page","status-publish","hentry"],"_links":{"self":[{"href":"https:\/\/www.feuerwehr-schwarmstedt.de\/index.php?rest_route=\/wp\/v2\/pages\/71","targetHints":{"allow":["GET"]}}],"collection":[{"href":"https:\/\/www.feuerwehr-schwarmstedt.de\/index.php?rest_route=\/wp\/v2\/pages"}],"about":[{"href":"https:\/\/www.feuerwehr-schwarmstedt.de\/index.php?rest_route=\/wp\/v2\/types\/page"}],"author":[{"embeddable":true,"href":"https:\/\/www.feuerwehr-schwarmstedt.de\/index.php?rest_route=\/wp\/v2\/users\/1"}],"replies":[{"embeddable":true,"href":"https:\/\/www.feuerwehr-schwarmstedt.de\/index.php?rest_route=%2Fwp%2Fv2%2Fcomments&post=71"}],"version-history":[{"count":1,"href":"https:\/\/www.feuerwehr-schwarmstedt.de\/index.php?rest_route=\/wp\/v2\/pages\/71\/revisions"}],"predecessor-version":[{"id":72,"href":"https:\/\/www.feuerwehr-schwarmstedt.de\/index.php?rest_route=\/wp\/v2\/pages\/71\/revisions\/72"}],"wp:attachment":[{"href":"https:\/\/www.feuerwehr-schwarmstedt.de\/index.php?rest_route=%2Fwp%2Fv2%2Fmedia&parent=71"}],"curies":[{"name":"wp","href":"https:\/\/api.w.org\/{rel}","templated":true}]}}