{"id":73,"date":"2025-02-19T10:59:38","date_gmt":"2025-02-19T10:59:38","guid":{"rendered":"https:\/\/www.feuerwehr-schwarmstedt.de\/?page_id=73"},"modified":"2025-02-19T10:59:38","modified_gmt":"2025-02-19T10:59:38","slug":"hilfeleistungsloeschgruppenfahrzeug-b-hlf-20","status":"publish","type":"page","link":"https:\/\/www.feuerwehr-schwarmstedt.de\/?page_id=73","title":{"rendered":"Hilfeleistungsl\u00f6schgruppenfahrzeug B (HLF 20)"},"content":{"rendered":"<div class=\"wp-block-image\">\n<figure class=\"aligncenter size-full is-resized\"><img fetchpriority=\"high\" decoding=\"async\" width=\"1008\" height=\"756\" src=\"https:\/\/www.feuerwehr-schwarmstedt.de\/wp-content\/uploads\/2025\/02\/18-47-1_3.jpg\" alt=\"\" class=\"wp-image-22\" style=\"width:500px\" srcset=\"https:\/\/www.feuerwehr-schwarmstedt.de\/wp-content\/uploads\/2025\/02\/18-47-1_3.jpg 1008w, https:\/\/www.feuerwehr-schwarmstedt.de\/wp-content\/uploads\/2025\/02\/18-47-1_3-300x225.jpg 300w, https:\/\/www.feuerwehr-schwarmstedt.de\/wp-content\/uploads\/2025\/02\/18-47-1_3-768x576.jpg 768w\" sizes=\"(max-width: 1008px) 100vw, 1008px\" \/><\/figure>\n<\/div>\n\n\n<p>Funkrufname 18-47-1<br>MAN TGM 18.340<br>Baujahr 2020<br>Besatzung: 9 Einsatzkr\u00e4fte, 4 Pl\u00e4tze AGT<br>4.000 Liter Wassertank, 200 Liter Schaummittel<br>Rettungssatz, Rettungsplattform, Schaumzumischeinrichtung, mobiler Schaum-\/Wasserwerfer<\/p>\n\n\n\n<p>Aufgabe:<br>Hilfeleistungsl\u00f6schgruppenfahrzeuge sind die vielf\u00e4ltigsten Fahrzeuge im deutschen Feuerwehrwesen. Sie haben sich aus den L\u00f6schgruppenfahrzeugen entwickelt, als die Feuerwehren erkannten, dass sich ihr Einsatzspektrum von der Brandbek\u00e4mpfung zunehmend zur technischen Hilfeleistung verschiebt und deshalb ihre L\u00f6schgruppenfahrzeuge mit zus\u00e4tzlicher Beladung zur Unfallhilfe ausr\u00fcsteten. Bereits vor ihrer Normung waren die HLF somit die vielf\u00e4ltigsten Ger\u00e4te der Feuerwehr, die f\u00fcr alle denkbaren Einsatzsituationen wie Verkehrsunf\u00e4lle, Gefahrguteins\u00e4tze und nat\u00fcrlich herk\u00f6mmliche Brandeins\u00e4tze Verwendung fanden.<\/p>\n\n\n\n<p><\/p>\n","protected":false},"excerpt":{"rendered":"<p>Funkrufname 18-47-1MAN TGM 18.340Baujahr 2020Besatzung: 9 Einsatzkr\u00e4fte, 4 Pl\u00e4tze AGT4.000 Liter Wassertank, 200 Liter SchaummittelRettungssatz, Rettungsplattform, Schaumzumischeinrichtung, mobiler Schaum-\/Wasserwerfer Aufgabe:Hilfeleistungsl\u00f6schgruppenfahrzeuge sind die vielf\u00e4ltigsten Fahrzeuge im deutschen Feuerwehrwesen. Sie haben sich aus den L\u00f6schgruppenfahrzeugen entwickelt, als die Feuerwehren erkannten, dass sich ihr Einsatzspektrum von der Brandbek\u00e4mpfung zunehmend zur technischen Hilfeleistung verschiebt und deshalb ihre L\u00f6schgruppenfahrzeuge mit&hellip;&nbsp;<a href=\"https:\/\/www.feuerwehr-schwarmstedt.de\/?page_id=73\" rel=\"bookmark\">Weiterlesen &raquo;<span class=\"screen-reader-text\">Hilfeleistungsl\u00f6schgruppenfahrzeug B (HLF 20)<\/span><\/a><\/p>\n","protected":false},"author":1,"featured_media":0,"parent":0,"menu_order":0,"comment_status":"closed","ping_status":"closed","template":"","meta":{"neve_meta_sidebar":"","neve_meta_container":"","neve_meta_enable_content_width":"","neve_meta_content_width":0,"neve_meta_title_alignment":"","neve_meta_author_avatar":"","neve_post_elements_order":"","neve_meta_disable_header":"","neve_meta_disable_footer":"","neve_meta_disable_title":"","footnotes":""},"class_list":["post-73","page","type-page","status-publish","hentry"],"_links":{"self":[{"href":"https:\/\/www.feuerwehr-schwarmstedt.de\/index.php?rest_route=\/wp\/v2\/pages\/73","targetHints":{"allow":["GET"]}}],"collection":[{"href":"https:\/\/www.feuerwehr-schwarmstedt.de\/index.php?rest_route=\/wp\/v2\/pages"}],"about":[{"href":"https:\/\/www.feuerwehr-schwarmstedt.de\/index.php?rest_route=\/wp\/v2\/types\/page"}],"author":[{"embeddable":true,"href":"https:\/\/www.feuerwehr-schwarmstedt.de\/index.php?rest_route=\/wp\/v2\/users\/1"}],"replies":[{"embeddable":true,"href":"https:\/\/www.feuerwehr-schwarmstedt.de\/index.php?rest_route=%2Fwp%2Fv2%2Fcomments&post=73"}],"version-history":[{"count":1,"href":"https:\/\/www.feuerwehr-schwarmstedt.de\/index.php?rest_route=\/wp\/v2\/pages\/73\/revisions"}],"predecessor-version":[{"id":74,"href":"https:\/\/www.feuerwehr-schwarmstedt.de\/index.php?rest_route=\/wp\/v2\/pages\/73\/revisions\/74"}],"wp:attachment":[{"href":"https:\/\/www.feuerwehr-schwarmstedt.de\/index.php?rest_route=%2Fwp%2Fv2%2Fmedia&parent=73"}],"curies":[{"name":"wp","href":"https:\/\/api.w.org\/{rel}","templated":true}]}}