{"id":77,"date":"2025-02-19T11:02:33","date_gmt":"2025-02-19T11:02:33","guid":{"rendered":"https:\/\/www.feuerwehr-schwarmstedt.de\/?page_id=77"},"modified":"2025-02-19T11:02:33","modified_gmt":"2025-02-19T11:02:33","slug":"geraetewagen-logistik-gw-l2","status":"publish","type":"page","link":"https:\/\/www.feuerwehr-schwarmstedt.de\/?page_id=77","title":{"rendered":"Ger\u00e4tewagen Logistik (GW-L2)"},"content":{"rendered":"<div class=\"wp-block-image\">\n<figure class=\"aligncenter size-full is-resized\"><img fetchpriority=\"high\" decoding=\"async\" width=\"1008\" height=\"756\" src=\"https:\/\/www.feuerwehr-schwarmstedt.de\/wp-content\/uploads\/2025\/02\/18-68-1_3.jpg\" alt=\"\" class=\"wp-image-24\" style=\"width:500px\" srcset=\"https:\/\/www.feuerwehr-schwarmstedt.de\/wp-content\/uploads\/2025\/02\/18-68-1_3.jpg 1008w, https:\/\/www.feuerwehr-schwarmstedt.de\/wp-content\/uploads\/2025\/02\/18-68-1_3-300x225.jpg 300w, https:\/\/www.feuerwehr-schwarmstedt.de\/wp-content\/uploads\/2025\/02\/18-68-1_3-768x576.jpg 768w\" sizes=\"(max-width: 1008px) 100vw, 1008px\" \/><\/figure>\n<\/div>\n\n\n<p>Funkrufname 18-68-1<br>MAN TGM 18.290 4&#215;4<br>Baujahr 2013<br>Besatzung: 6 Einsatzkr\u00e4fte<\/p>\n\n\n\n<p>Aufgabe:<br>Ger\u00e4tewagen entstanden vor einigen Jahren als die Aufgabenbereiche der Hilfsorganisationen immer umfangreicher wurden und die n\u00f6tigen Ger\u00e4te in diesem Umfang auf anderen Fahrzeugen nicht mehr vorhanden waren. Dieses Fahrzeug ist daf\u00fcr ausgelegt, umfangreiches Ger\u00e4t f\u00fcr ein Aufgabenfeld an die Einsatzstellen zu bringen. Dazu sind die Ger\u00e4tschaften auf Rollcontainer verlastet und je nach Einsatzart werden bestimmte Rollcontainer mitgef\u00fchrt. Sechs Rollcontainer k\u00f6nnen mitgef\u00fchrt werden.<\/p>\n\n\n\n<p><\/p>\n","protected":false},"excerpt":{"rendered":"<p>Funkrufname 18-68-1MAN TGM 18.290 4&#215;4Baujahr 2013Besatzung: 6 Einsatzkr\u00e4fte Aufgabe:Ger\u00e4tewagen entstanden vor einigen Jahren als die Aufgabenbereiche der Hilfsorganisationen immer umfangreicher wurden und die n\u00f6tigen Ger\u00e4te in diesem Umfang auf anderen Fahrzeugen nicht mehr vorhanden waren. Dieses Fahrzeug ist daf\u00fcr ausgelegt, umfangreiches Ger\u00e4t f\u00fcr ein Aufgabenfeld an die Einsatzstellen zu bringen. Dazu sind die Ger\u00e4tschaften auf&hellip;&nbsp;<a href=\"https:\/\/www.feuerwehr-schwarmstedt.de\/?page_id=77\" rel=\"bookmark\">Weiterlesen &raquo;<span class=\"screen-reader-text\">Ger\u00e4tewagen Logistik (GW-L2)<\/span><\/a><\/p>\n","protected":false},"author":1,"featured_media":0,"parent":0,"menu_order":0,"comment_status":"closed","ping_status":"closed","template":"","meta":{"neve_meta_sidebar":"","neve_meta_container":"","neve_meta_enable_content_width":"","neve_meta_content_width":0,"neve_meta_title_alignment":"","neve_meta_author_avatar":"","neve_post_elements_order":"","neve_meta_disable_header":"","neve_meta_disable_footer":"","neve_meta_disable_title":"","footnotes":""},"class_list":["post-77","page","type-page","status-publish","hentry"],"_links":{"self":[{"href":"https:\/\/www.feuerwehr-schwarmstedt.de\/index.php?rest_route=\/wp\/v2\/pages\/77","targetHints":{"allow":["GET"]}}],"collection":[{"href":"https:\/\/www.feuerwehr-schwarmstedt.de\/index.php?rest_route=\/wp\/v2\/pages"}],"about":[{"href":"https:\/\/www.feuerwehr-schwarmstedt.de\/index.php?rest_route=\/wp\/v2\/types\/page"}],"author":[{"embeddable":true,"href":"https:\/\/www.feuerwehr-schwarmstedt.de\/index.php?rest_route=\/wp\/v2\/users\/1"}],"replies":[{"embeddable":true,"href":"https:\/\/www.feuerwehr-schwarmstedt.de\/index.php?rest_route=%2Fwp%2Fv2%2Fcomments&post=77"}],"version-history":[{"count":1,"href":"https:\/\/www.feuerwehr-schwarmstedt.de\/index.php?rest_route=\/wp\/v2\/pages\/77\/revisions"}],"predecessor-version":[{"id":78,"href":"https:\/\/www.feuerwehr-schwarmstedt.de\/index.php?rest_route=\/wp\/v2\/pages\/77\/revisions\/78"}],"wp:attachment":[{"href":"https:\/\/www.feuerwehr-schwarmstedt.de\/index.php?rest_route=%2Fwp%2Fv2%2Fmedia&parent=77"}],"curies":[{"name":"wp","href":"https:\/\/api.w.org\/{rel}","templated":true}]}}